{"id":50,"date":"2015-03-19T16:32:53","date_gmt":"2015-03-19T16:32:53","guid":{"rendered":"http:\/\/magic-cars-worms.de\/?page_id=50"},"modified":"2019-03-09T14:23:13","modified_gmt":"2019-03-09T14:23:13","slug":"impressum","status":"publish","type":"page","link":"https:\/\/magic-cars-worms.de\/?page_id=50","title":{"rendered":"Impressum"},"content":{"rendered":"<p>Magic Cars GmbH<br \/>\nGesch\u00e4ftsf\u00fchrer: Mehdi Moradi<br \/>\nWeinsheimer Stra\u00dfe 31<br \/>\n67547 Worms<br \/>\nDeutschland<\/p>\n<p>Datenschutz<br \/>\nDie Nutzung unserer Webseite ist in der Regel ohne Angabe personenbezogener Daten m\u00f6glich. Soweit auf unseren Seiten personenbezogene Daten (beispielsweise Name, Anschrift oder eMail-Adressen) erhoben werden, erfolgt dies, soweit m\u00f6glich, stets auf freiwilliger Basis. Diese Daten werden ohne Ihre ausdr\u00fcckliche Zustimmung nicht an Dritte weitergegeben.<br \/>\nWir weisen darauf hin, dass die Daten\u00fcbertragung im Internet (z.B. bei der Kommunikation per E-Mail) Sicherheitsl\u00fccken aufweisen kann. Ein l\u00fcckenloser Schutz der Daten vor dem Zugriff durch Dritte ist nicht m\u00f6glich.<br \/>\nDer Nutzung von im Rahmen der Impressumspflicht ver\u00f6ffentlichten Kontaktdaten durch Dritte zur \u00dcbersendung von nicht ausdr\u00fccklich angeforderter Werbung und Informationsmaterialien wird hiermit ausdr\u00fccklich widersprochen. Die Betreiber der Seiten behalten sich ausdr\u00fccklich rechtliche Schritte im Falle der unverlangten Zusendung von Werbeinformationen, etwa durch Spam-Mails, vor.<\/p>\n","protected":false},"excerpt":{"rendered":"<p>Magic Cars GmbH Gesch\u00e4ftsf\u00fchrer: Mehdi Moradi Weinsheimer Stra\u00dfe 31 67547 Worms Deutschland Datenschutz Die Nutzung unserer Webseite ist in der Regel ohne Angabe personenbezogener Daten m\u00f6glich. Soweit auf unseren Seiten personenbezogene Daten (beispielsweise Name, Anschrift oder eMail-Adressen) erhoben werden, erfolgt dies, soweit m\u00f6glich, stets auf freiwilliger Basis. Diese Daten werden ohne Ihre ausdr\u00fcckliche Zustimmung nicht<\/p><\/div>\n<div class=\"blog-btn\"><a href=\"https:\/\/magic-cars-worms.de\/?page_id=50\" class=\"home-blog-btn\">Weiterlesen<\/a><\/p>\n","protected":false},"author":2,"featured_media":0,"parent":0,"menu_order":0,"comment_status":"closed","ping_status":"closed","template":"","meta":{"footnotes":""},"class_list":["post-50","page","type-page","status-publish","hentry"],"_links":{"self":[{"href":"https:\/\/magic-cars-worms.de\/index.php?rest_route=\/wp\/v2\/pages\/50","targetHints":{"allow":["GET"]}}],"collection":[{"href":"https:\/\/magic-cars-worms.de\/index.php?rest_route=\/wp\/v2\/pages"}],"about":[{"href":"https:\/\/magic-cars-worms.de\/index.php?rest_route=\/wp\/v2\/types\/page"}],"author":[{"embeddable":true,"href":"https:\/\/magic-cars-worms.de\/index.php?rest_route=\/wp\/v2\/users\/2"}],"replies":[{"embeddable":true,"href":"https:\/\/magic-cars-worms.de\/index.php?rest_route=%2Fwp%2Fv2%2Fcomments&post=50"}],"version-history":[{"count":3,"href":"https:\/\/magic-cars-worms.de\/index.php?rest_route=\/wp\/v2\/pages\/50\/revisions"}],"predecessor-version":[{"id":120,"href":"https:\/\/magic-cars-worms.de\/index.php?rest_route=\/wp\/v2\/pages\/50\/revisions\/120"}],"wp:attachment":[{"href":"https:\/\/magic-cars-worms.de\/index.php?rest_route=%2Fwp%2Fv2%2Fmedia&parent=50"}],"curies":[{"name":"wp","href":"https:\/\/api.w.org\/{rel}","templated":true}]}}